{"id":9074,"date":"2025-05-27T11:01:36","date_gmt":"2025-05-27T11:01:36","guid":{"rendered":"https:\/\/degroenepoortwebshop.com\/product\/50-65-x-201-x-77\/"},"modified":"2025-05-27T11:01:36","modified_gmt":"2025-05-27T11:01:36","slug":"50-65-x-201-x-77","status":"publish","type":"product","link":"https:\/\/degroenepoortwebshop.com\/fr\/product\/50-65-x-201-x-77\/","title":{"rendered":"50\/65 x 201 x 77"},"content":{"rendered":"","protected":false},"excerpt":{"rendered":"<p>Dimensions:<\/p>\n<ul>\n<li>Profondeur : 50\/65 cm<\/li>\n<li>Largeur : 201 cm<\/li>\n<li>Hauteur: 77 cm<\/li>\n<\/ul>\n<p>Pi\u00e8ce unique<\/p>\n<p>Plusieurs \u00e9tablis de travail disponible dans notre magasin situ\u00e9 \u00e0 Vichte<\/p>\n<p>Plus d&#8217;informations et prix : email avec photo : <a href=\"mailto:info@degroenepoort.com\">info@degroenepoort.com<\/a><\/p>\n","protected":false},"featured_media":9004,"template":"","meta":{"site-sidebar-layout":"default","site-content-layout":"default","ast-global-header-display":"","ast-main-header-display":"","ast-hfb-above-header-display":"","ast-hfb-below-header-display":"","ast-hfb-mobile-header-display":"","site-post-title":"","ast-breadcrumbs-content":"","ast-featured-img":"","footer-sml-layout":"","theme-transparent-header-meta":"default","adv-header-id-meta":"","stick-header-meta":"","header-above-stick-meta":"","header-main-stick-meta":"","header-below-stick-meta":""},"product_brand":[],"product_cat":[115],"product_tag":[],"class_list":{"0":"post-9074","1":"product","2":"type-product","3":"status-publish","4":"has-post-thumbnail","6":"product_cat-etablis-de-travail","7":"desktop-align-center","8":"tablet-align-center","9":"mobile-align-center","11":"first","12":"instock","13":"taxable","14":"shipping-taxable","15":"product-type-simple"},"aioseo_notices":[],"_links":{"self":[{"href":"https:\/\/degroenepoortwebshop.com\/fr\/wp-json\/wp\/v2\/product\/9074","targetHints":{"allow":["GET"]}}],"collection":[{"href":"https:\/\/degroenepoortwebshop.com\/fr\/wp-json\/wp\/v2\/product"}],"about":[{"href":"https:\/\/degroenepoortwebshop.com\/fr\/wp-json\/wp\/v2\/types\/product"}],"wp:featuredmedia":[{"embeddable":true,"href":"https:\/\/degroenepoortwebshop.com\/fr\/wp-json\/wp\/v2\/media\/9004"}],"wp:attachment":[{"href":"https:\/\/degroenepoortwebshop.com\/fr\/wp-json\/wp\/v2\/media?parent=9074"}],"wp:term":[{"taxonomy":"product_brand","embeddable":true,"href":"https:\/\/degroenepoortwebshop.com\/fr\/wp-json\/wp\/v2\/product_brand?post=9074"},{"taxonomy":"product_cat","embeddable":true,"href":"https:\/\/degroenepoortwebshop.com\/fr\/wp-json\/wp\/v2\/product_cat?post=9074"},{"taxonomy":"product_tag","embeddable":true,"href":"https:\/\/degroenepoortwebshop.com\/fr\/wp-json\/wp\/v2\/product_tag?post=9074"}],"curies":[{"name":"wp","href":"https:\/\/api.w.org\/{rel}","templated":true}]}}