{"id":9072,"date":"2025-05-27T10:56:07","date_gmt":"2025-05-27T10:56:07","guid":{"rendered":"https:\/\/degroenepoortwebshop.com\/product\/95-x-230-x-80\/"},"modified":"2025-05-27T10:56:07","modified_gmt":"2025-05-27T10:56:07","slug":"95-x-230-x-80","status":"publish","type":"product","link":"https:\/\/degroenepoortwebshop.com\/fr\/product\/95-x-230-x-80\/","title":{"rendered":"95 x 230 x 80"},"content":{"rendered":"","protected":false},"excerpt":{"rendered":"<p>Dimensions:<\/p>\n<ul>\n<li>Profondeur : 95 cm<\/li>\n<li>Largeur : 230 cm<\/li>\n<li>Hauteur: 80 cm<\/li>\n<\/ul>\n<p>Pi\u00e8ce unique<\/p>\n<p>Plusieurs \u00e9tablis de travail disponible dans notre magasin situ\u00e9 \u00e0 Vichte<\/p>\n<p>Plus d&#8217;informations et prix : email avec photo : <a href=\"mailto:info@degroenepoort.com\">info@degroenepoort.com<\/a><\/p>\n","protected":false},"featured_media":8991,"template":"","meta":{"site-sidebar-layout":"default","site-content-layout":"default","ast-global-header-display":"","ast-main-header-display":"","ast-hfb-above-header-display":"","ast-hfb-below-header-display":"","ast-hfb-mobile-header-display":"","site-post-title":"","ast-breadcrumbs-content":"","ast-featured-img":"","footer-sml-layout":"","theme-transparent-header-meta":"default","adv-header-id-meta":"","stick-header-meta":"","header-above-stick-meta":"","header-main-stick-meta":"","header-below-stick-meta":""},"product_brand":[],"product_cat":[115],"product_tag":[],"class_list":{"0":"post-9072","1":"product","2":"type-product","3":"status-publish","4":"has-post-thumbnail","6":"product_cat-etablis-de-travail","7":"desktop-align-center","8":"tablet-align-center","9":"mobile-align-center","11":"first","12":"instock","13":"taxable","14":"shipping-taxable","15":"product-type-simple"},"aioseo_notices":[],"_links":{"self":[{"href":"https:\/\/degroenepoortwebshop.com\/fr\/wp-json\/wp\/v2\/product\/9072","targetHints":{"allow":["GET"]}}],"collection":[{"href":"https:\/\/degroenepoortwebshop.com\/fr\/wp-json\/wp\/v2\/product"}],"about":[{"href":"https:\/\/degroenepoortwebshop.com\/fr\/wp-json\/wp\/v2\/types\/product"}],"wp:featuredmedia":[{"embeddable":true,"href":"https:\/\/degroenepoortwebshop.com\/fr\/wp-json\/wp\/v2\/media\/8991"}],"wp:attachment":[{"href":"https:\/\/degroenepoortwebshop.com\/fr\/wp-json\/wp\/v2\/media?parent=9072"}],"wp:term":[{"taxonomy":"product_brand","embeddable":true,"href":"https:\/\/degroenepoortwebshop.com\/fr\/wp-json\/wp\/v2\/product_brand?post=9072"},{"taxonomy":"product_cat","embeddable":true,"href":"https:\/\/degroenepoortwebshop.com\/fr\/wp-json\/wp\/v2\/product_cat?post=9072"},{"taxonomy":"product_tag","embeddable":true,"href":"https:\/\/degroenepoortwebshop.com\/fr\/wp-json\/wp\/v2\/product_tag?post=9072"}],"curies":[{"name":"wp","href":"https:\/\/api.w.org\/{rel}","templated":true}]}}