{"id":7873,"date":"2025-05-06T12:31:51","date_gmt":"2025-05-06T12:31:51","guid":{"rendered":"https:\/\/degroenepoortwebshop.com\/product\/40-x-40\/"},"modified":"2025-06-26T17:08:45","modified_gmt":"2025-06-26T17:08:45","slug":"40-x-40","status":"publish","type":"product","link":"https:\/\/degroenepoortwebshop.com\/fr\/product\/40-x-40\/","title":{"rendered":"Tabouret en tronc d&#8217;arbre &#8211; 390"},"content":{"rendered":"","protected":false},"excerpt":{"rendered":"<p>Dimensions:<\/p>\n<ul>\n<li>Profondeur : 40 cm<\/li>\n<li>Largeur : 40 cm<\/li>\n<li>Hauteur : 90 cm<\/li>\n<\/ul>\n<p>Prix : \u20ac390<\/p>\n<p>D\u00e9couvrez \u00e9galement la table et le banc dans le m\u00eame style ici <a href=\"https:\/\/degroenepoortwebshop.com\/product\/124-x-400\/\" target=\"_blank\" rel=\"noopener\">: https:\/\/degroenepoortwebshop.com\/product\/124-x-400\/<\/a><\/p>\n<p>Pour commander : email avec photo : <a href=\"mailto:info@degroenepoort.com\">info@degroenepoort.com <\/a>ou directement dans notre magasin situ\u00e9 \u00e0 Vichte<\/p>\n","protected":false},"featured_media":7455,"template":"","meta":{"site-sidebar-layout":"default","site-content-layout":"default","ast-global-header-display":"","ast-main-header-display":"","ast-hfb-above-header-display":"","ast-hfb-below-header-display":"","ast-hfb-mobile-header-display":"","site-post-title":"","ast-breadcrumbs-content":"","ast-featured-img":"","footer-sml-layout":"","theme-transparent-header-meta":"default","adv-header-id-meta":"","stick-header-meta":"","header-above-stick-meta":"","header-main-stick-meta":"","header-below-stick-meta":""},"product_brand":[],"product_cat":[106],"product_tag":[],"class_list":{"0":"post-7873","1":"product","2":"type-product","3":"status-publish","4":"has-post-thumbnail","6":"product_cat-tabourets","7":"desktop-align-center","8":"tablet-align-center","9":"mobile-align-center","11":"first","12":"instock","13":"taxable","14":"shipping-taxable","15":"product-type-simple"},"aioseo_notices":[],"_links":{"self":[{"href":"https:\/\/degroenepoortwebshop.com\/fr\/wp-json\/wp\/v2\/product\/7873","targetHints":{"allow":["GET"]}}],"collection":[{"href":"https:\/\/degroenepoortwebshop.com\/fr\/wp-json\/wp\/v2\/product"}],"about":[{"href":"https:\/\/degroenepoortwebshop.com\/fr\/wp-json\/wp\/v2\/types\/product"}],"wp:featuredmedia":[{"embeddable":true,"href":"https:\/\/degroenepoortwebshop.com\/fr\/wp-json\/wp\/v2\/media\/7455"}],"wp:attachment":[{"href":"https:\/\/degroenepoortwebshop.com\/fr\/wp-json\/wp\/v2\/media?parent=7873"}],"wp:term":[{"taxonomy":"product_brand","embeddable":true,"href":"https:\/\/degroenepoortwebshop.com\/fr\/wp-json\/wp\/v2\/product_brand?post=7873"},{"taxonomy":"product_cat","embeddable":true,"href":"https:\/\/degroenepoortwebshop.com\/fr\/wp-json\/wp\/v2\/product_cat?post=7873"},{"taxonomy":"product_tag","embeddable":true,"href":"https:\/\/degroenepoortwebshop.com\/fr\/wp-json\/wp\/v2\/product_tag?post=7873"}],"curies":[{"name":"wp","href":"https:\/\/api.w.org\/{rel}","templated":true}]}}