{"id":6531,"date":"2024-08-22T14:36:36","date_gmt":"2024-08-22T14:36:36","guid":{"rendered":"https:\/\/degroenepoortwebshop.com\/product\/chene-ancien-a-4-temps-248x260-d67\/"},"modified":"2025-02-18T16:36:46","modified_gmt":"2025-02-18T16:36:46","slug":"chene-ancien-a-4-temps-248x260-d67","status":"publish","type":"product","link":"https:\/\/degroenepoortwebshop.com\/fr\/product\/chene-ancien-a-4-temps-248x260-d67\/","title":{"rendered":"248&#215;260 (D67)"},"content":{"rendered":"","protected":false},"excerpt":{"rendered":"<p>Vieux ch\u00eane \u00e0 4 temps pour l&#8217;int\u00e9rieur<\/p>\n<p>Pi\u00e8ce unique<\/p>\n<p>Dimensions :<\/p>\n<ul>\n<li>Largeur : 248 cm<\/li>\n<li>Hauteur : 260 cm<\/li>\n<\/ul>\n<p>Prix sur demande : <a href=\"mailto:info@degroenepoort.com\">info@degroenepoort.com<\/a><\/p>\n","protected":false},"featured_media":5746,"template":"","meta":{"site-sidebar-layout":"default","site-content-layout":"default","ast-global-header-display":"","ast-main-header-display":"","ast-hfb-above-header-display":"","ast-hfb-below-header-display":"","ast-hfb-mobile-header-display":"","site-post-title":"","ast-breadcrumbs-content":"","ast-featured-img":"","footer-sml-layout":"","theme-transparent-header-meta":"default","adv-header-id-meta":"","stick-header-meta":"","header-above-stick-meta":"","header-main-stick-meta":"","header-below-stick-meta":""},"product_brand":[],"product_cat":[62],"product_tag":[],"class_list":{"0":"post-6531","1":"product","2":"type-product","3":"status-publish","4":"has-post-thumbnail","6":"product_cat-portes","7":"desktop-align-center","8":"tablet-align-center","9":"mobile-align-center","11":"first","12":"instock","13":"taxable","14":"shipping-taxable","15":"product-type-simple"},"aioseo_notices":[],"_links":{"self":[{"href":"https:\/\/degroenepoortwebshop.com\/fr\/wp-json\/wp\/v2\/product\/6531","targetHints":{"allow":["GET"]}}],"collection":[{"href":"https:\/\/degroenepoortwebshop.com\/fr\/wp-json\/wp\/v2\/product"}],"about":[{"href":"https:\/\/degroenepoortwebshop.com\/fr\/wp-json\/wp\/v2\/types\/product"}],"wp:featuredmedia":[{"embeddable":true,"href":"https:\/\/degroenepoortwebshop.com\/fr\/wp-json\/wp\/v2\/media\/5746"}],"wp:attachment":[{"href":"https:\/\/degroenepoortwebshop.com\/fr\/wp-json\/wp\/v2\/media?parent=6531"}],"wp:term":[{"taxonomy":"product_brand","embeddable":true,"href":"https:\/\/degroenepoortwebshop.com\/fr\/wp-json\/wp\/v2\/product_brand?post=6531"},{"taxonomy":"product_cat","embeddable":true,"href":"https:\/\/degroenepoortwebshop.com\/fr\/wp-json\/wp\/v2\/product_cat?post=6531"},{"taxonomy":"product_tag","embeddable":true,"href":"https:\/\/degroenepoortwebshop.com\/fr\/wp-json\/wp\/v2\/product_tag?post=6531"}],"curies":[{"name":"wp","href":"https:\/\/api.w.org\/{rel}","templated":true}]}}